{"id":1036,"date":"2016-12-15T11:42:34","date_gmt":"2016-12-15T10:42:34","guid":{"rendered":"https:\/\/yoga-eva-ruchpaul.com\/bibliotheque\/"},"modified":"2017-03-23T11:57:17","modified_gmt":"2017-03-23T10:57:17","slug":"bibliography","status":"publish","type":"page","link":"https:\/\/yoga-eva-ruchpaul.com\/en\/bibliography\/","title":{"rendered":"Bibliography"},"content":{"rendered":"<p>[et_pb_section bb_built=&#8221;1&#8243; admin_label=&#8221;Section&#8221; fullwidth=&#8221;off&#8221; specialty=&#8221;off&#8221;][et_pb_row admin_label=&#8221;Ligne&#8221;][et_pb_column type=&#8221;4_4&#8243;][et_pb_text admin_label=&#8221;Titre Biblioth\u00e8que&#8221; background_layout=&#8221;light&#8221; text_orientation=&#8221;center&#8221; text_font_size=&#8221;30&#8243; text_text_color=&#8221;#480614&#8243; use_border_color=&#8221;off&#8221; border_color=&#8221;#ffffff&#8221; border_style=&#8221;solid&#8221; header_text_color=&#8221;#480614&#8243; custom_padding=&#8221;||30px|&#8221;]<\/p>\n<h1>Bibliography<\/h1>\n<p>[\/et_pb_text][\/et_pb_column][\/et_pb_row][et_pb_row admin_label=&#8221;Ligne&#8221;][et_pb_column type=&#8221;1_2&#8243;][et_pb_text admin_label=&#8221;texte&#8221; background_layout=&#8221;light&#8221; text_orientation=&#8221;left&#8221; use_border_color=&#8221;off&#8221; border_color=&#8221;#ffffff&#8221; border_style=&#8221;solid&#8221;]<\/p>\n<h2>Works strongly recommended for teachers in training<\/h2>\n<p><strong>Hatha-Yoga<\/strong><br \/>\nEva Ruchpaul<br \/>\n\u00c9ditions Deno\u00ebl<br \/>\nCollection Connaissance et Technique<\/p>\n<p><strong>Hatha-Yoga bien temp\u00e9r\u00e9<\/strong><br \/>\nEva Ruchpaul<br \/>\nPresses Universitaires de France<\/p>\n<p><strong>Pr\u00e9cis de Hatha-Yoga<\/strong><br \/>\n<strong> Stade Fondamental<\/strong><br \/>\nEva Ruchpaul<br \/>\n\u00c9ditions Ell\u00e9bore<\/p>\n<p><strong>Pr\u00e9cis de Hatha-Yoga<\/strong><br \/>\n<strong> Stade classique<\/strong><br \/>\nEva Ruchpaul<br \/>\n\u00c9ditions Ell\u00e9bore<\/p>\n<p><strong>Pr\u00e9cis de Hatha-Yoga<\/strong><br \/>\n<strong> Technique Avanc\u00e9e<\/strong><br \/>\nEva Ruchpaul<br \/>\n\u00c9ditions Ell\u00e9bore<\/p>\n<p><strong>Yoga sources &amp; variations<\/strong><br \/>\nEva Ruchpaul<br \/>\n\u00c9ditions Ell\u00e9bore<\/p>\n<p><strong>Philosophie et pratique du yoga<\/strong><br \/>\nEva Ruchpaul<br \/>\n\u00c9ditions Deno\u00ebl<\/p>\n<p><strong>Philosophie du yoga<\/strong><br \/>\nPaul Masson-Oursel<br \/>\nPresses Universitaires de France<\/p>\n<p><strong>Le Zen dans l&#8217;Art Chevaleresque du Tir \u00e0 l\u2019Arc<\/strong><br \/>\nHerrigel<br \/>\nDervy-livres \u2013 Collections Mystiques et Religions<\/p>\n<p><strong>La maladie, l\u2019art et le symbole<\/strong><br \/>\nGroddeck<br \/>\n\u00c9ditions Gallimard \u2013 Collection Connaissance de l&#8217;Inconscient<\/p>\n<p>[\/et_pb_text][\/et_pb_column][et_pb_column type=&#8221;1_2&#8243;][et_pb_text admin_label=&#8221;texte&#8221; background_layout=&#8221;light&#8221; text_orientation=&#8221;left&#8221; use_border_color=&#8221;off&#8221; border_color=&#8221;#ffffff&#8221; border_style=&#8221;solid&#8221;]<\/p>\n<h2>Books of Particular Interest<\/h2>\n<p><strong>Le yoga, immortalit\u00e9 et libert\u00e9<\/strong><br \/>\nMircea Eliade<br \/>\n\u00c9ditions Payot<\/p>\n<p><strong>La demeure du silence<\/strong><br \/>\nEva Ruchpaul<br \/>\n\u00c9ditions Gallimard \u2013 Collection l&#8217;Air du Temps<\/p>\n<p><strong>Les yoga sutr\u00e2 de Patanjali<\/strong><br \/>\nMircea Eliade<br \/>\n\u00c9dition du Seuil<\/p>\n<p><strong>Le Mod\u00e8le hindou<\/strong><br \/>\nGuy Deleury<br \/>\n\u00c9ditions Hachette \u2013 Collection \u00ab Le temps et les hommes \u00bb<\/p>\n<p><strong>Tradition et r\u00e9volution<\/strong><br \/>\nKrishnamurti<br \/>\n\u00c9ditions du Stock \u2013 Monde ouvert<\/p>\n<p><strong>Le Chemin du labyrinthe<\/strong><br \/>\nA. Dani\u00e9lou<br \/>\n\u00c9ditions Laffont<\/p>\n<p><strong>Histoire de l&#8217;Inde<\/strong><br \/>\nA. Dani\u00e9lou<br \/>\n\u00c9ditions Fayard<\/p>\n<p><strong>Shiva et Dionysos<\/strong><br \/>\nA. Dani\u00e9lou<br \/>\n\u00c9ditions Fayard<\/p>\n<p><strong>Les quatre sens de la vie<\/strong><br \/>\nA. Dani\u00e9lou<br \/>\n\u00c9ditions Buchet et Chastel<\/p>\n<p>[\/et_pb_text][\/et_pb_column][\/et_pb_row][\/et_pb_section]<\/p>\n","protected":false},"excerpt":{"rendered":"<p>Bibliography Works strongly recommended for teachers in training Hatha-Yoga Eva Ruchpaul \u00c9ditions Deno\u00ebl Collection Connaissance et Technique Hatha-Yoga bien temp\u00e9r\u00e9 Eva Ruchpaul Presses Universitaires de France Pr\u00e9cis de Hatha-Yoga Stade Fondamental Eva Ruchpaul \u00c9ditions Ell\u00e9bore Pr\u00e9cis de Hatha-Yoga Stade classique Eva Ruchpaul \u00c9ditions Ell\u00e9bore Pr\u00e9cis de Hatha-Yoga Technique Avanc\u00e9e Eva Ruchpaul \u00c9ditions Ell\u00e9bore Yoga sources [&hellip;]<\/p>\n","protected":false},"author":1,"featured_media":0,"parent":0,"menu_order":0,"comment_status":"closed","ping_status":"closed","template":"","meta":{"_et_pb_use_builder":"on","_et_pb_old_content":"","_et_gb_content_width":"","_exactmetrics_skip_tracking":false,"_exactmetrics_sitenote_active":false,"_exactmetrics_sitenote_note":"","_exactmetrics_sitenote_category":0,"footnotes":""},"class_list":["post-1036","page","type-page","status-publish","hentry"],"yoast_head":"<!-- This site is optimized with the Yoast SEO plugin v27.1.1 - https:\/\/yoast.com\/product\/yoast-seo-wordpress\/ -->\n<title>Bibliography - Eva Ruchpaul Institute - Hatha Yoga<\/title>\n<meta name=\"robots\" content=\"index, follow, max-snippet:-1, max-image-preview:large, max-video-preview:-1\" \/>\n<link rel=\"canonical\" href=\"https:\/\/yoga-eva-ruchpaul.com\/en\/bibliography\/\" \/>\n<meta property=\"og:locale\" content=\"en_US\" \/>\n<meta property=\"og:type\" content=\"article\" \/>\n<meta property=\"og:title\" content=\"Bibliography - Eva Ruchpaul Institute - Hatha Yoga\" \/>\n<meta property=\"og:description\" content=\"Bibliography Works strongly recommended for teachers in training Hatha-Yoga Eva Ruchpaul \u00c9ditions Deno\u00ebl Collection Connaissance et Technique Hatha-Yoga bien temp\u00e9r\u00e9 Eva Ruchpaul Presses Universitaires de France Pr\u00e9cis de Hatha-Yoga Stade Fondamental Eva Ruchpaul \u00c9ditions Ell\u00e9bore Pr\u00e9cis de Hatha-Yoga Stade classique Eva Ruchpaul \u00c9ditions Ell\u00e9bore Pr\u00e9cis de Hatha-Yoga Technique Avanc\u00e9e Eva Ruchpaul \u00c9ditions Ell\u00e9bore Yoga sources [&hellip;]\" \/>\n<meta property=\"og:url\" content=\"https:\/\/yoga-eva-ruchpaul.com\/en\/bibliography\/\" \/>\n<meta property=\"og:site_name\" content=\"Eva Ruchpaul Institute - Hatha Yoga\" \/>\n<meta property=\"article:publisher\" content=\"https:\/\/www.facebook.com\/EvaRuchpaul\" \/>\n<meta property=\"article:modified_time\" content=\"2017-03-23T10:57:17+00:00\" \/>\n<meta name=\"twitter:card\" content=\"summary_large_image\" \/>\n<meta name=\"twitter:site\" content=\"@InstEvaRuchpaul\" \/>\n<meta name=\"twitter:label1\" content=\"Est. reading time\" \/>\n\t<meta name=\"twitter:data1\" content=\"2 minutes\" \/>\n<script type=\"application\/ld+json\" class=\"yoast-schema-graph\">{\"@context\":\"https:\/\/schema.org\",\"@graph\":[{\"@type\":\"WebPage\",\"@id\":\"https:\/\/yoga-eva-ruchpaul.com\/en\/bibliography\/\",\"url\":\"https:\/\/yoga-eva-ruchpaul.com\/en\/bibliography\/\",\"name\":\"Bibliography - Eva Ruchpaul Institute - Hatha Yoga\",\"isPartOf\":{\"@id\":\"https:\/\/yoga-eva-ruchpaul.com\/#website\"},\"datePublished\":\"2016-12-15T10:42:34+00:00\",\"dateModified\":\"2017-03-23T10:57:17+00:00\",\"breadcrumb\":{\"@id\":\"https:\/\/yoga-eva-ruchpaul.com\/en\/bibliography\/#breadcrumb\"},\"inLanguage\":\"en-US\",\"potentialAction\":[{\"@type\":\"ReadAction\",\"target\":[\"https:\/\/yoga-eva-ruchpaul.com\/en\/bibliography\/\"]}]},{\"@type\":\"BreadcrumbList\",\"@id\":\"https:\/\/yoga-eva-ruchpaul.com\/en\/bibliography\/#breadcrumb\",\"itemListElement\":[{\"@type\":\"ListItem\",\"position\":1,\"name\":\"Accueil\",\"item\":\"https:\/\/yoga-eva-ruchpaul.com\/en\/\"},{\"@type\":\"ListItem\",\"position\":2,\"name\":\"Bibliography\"}]},{\"@type\":\"WebSite\",\"@id\":\"https:\/\/yoga-eva-ruchpaul.com\/#website\",\"url\":\"https:\/\/yoga-eva-ruchpaul.com\/\",\"name\":\"Eva Ruchpaul Institute - Hatha Yoga\",\"description\":\"Practicing, training, and learning yoga in Paris\",\"publisher\":{\"@id\":\"https:\/\/yoga-eva-ruchpaul.com\/#organization\"},\"potentialAction\":[{\"@type\":\"SearchAction\",\"target\":{\"@type\":\"EntryPoint\",\"urlTemplate\":\"https:\/\/yoga-eva-ruchpaul.com\/?s={search_term_string}\"},\"query-input\":{\"@type\":\"PropertyValueSpecification\",\"valueRequired\":true,\"valueName\":\"search_term_string\"}}],\"inLanguage\":\"en-US\"},{\"@type\":\"Organization\",\"@id\":\"https:\/\/yoga-eva-ruchpaul.com\/#organization\",\"name\":\"Institut Eva Ruchpaul\",\"url\":\"https:\/\/yoga-eva-ruchpaul.com\/\",\"logo\":{\"@type\":\"ImageObject\",\"inLanguage\":\"en-US\",\"@id\":\"https:\/\/yoga-eva-ruchpaul.com\/#\/schema\/logo\/image\/\",\"url\":\"https:\/\/yoga-eva-ruchpaul.com\/wp-content\/uploads\/2016\/07\/logofull_IER.png\",\"contentUrl\":\"https:\/\/yoga-eva-ruchpaul.com\/wp-content\/uploads\/2016\/07\/logofull_IER.png\",\"width\":670,\"height\":158,\"caption\":\"Institut Eva Ruchpaul\"},\"image\":{\"@id\":\"https:\/\/yoga-eva-ruchpaul.com\/#\/schema\/logo\/image\/\"},\"sameAs\":[\"https:\/\/www.facebook.com\/EvaRuchpaul\",\"https:\/\/x.com\/InstEvaRuchpaul\"]}]}<\/script>\n<!-- \/ Yoast SEO plugin. -->","yoast_head_json":{"title":"Bibliography - Eva Ruchpaul Institute - Hatha Yoga","robots":{"index":"index","follow":"follow","max-snippet":"max-snippet:-1","max-image-preview":"max-image-preview:large","max-video-preview":"max-video-preview:-1"},"canonical":"https:\/\/yoga-eva-ruchpaul.com\/en\/bibliography\/","og_locale":"en_US","og_type":"article","og_title":"Bibliography - Eva Ruchpaul Institute - Hatha Yoga","og_description":"Bibliography Works strongly recommended for teachers in training Hatha-Yoga Eva Ruchpaul \u00c9ditions Deno\u00ebl Collection Connaissance et Technique Hatha-Yoga bien temp\u00e9r\u00e9 Eva Ruchpaul Presses Universitaires de France Pr\u00e9cis de Hatha-Yoga Stade Fondamental Eva Ruchpaul \u00c9ditions Ell\u00e9bore Pr\u00e9cis de Hatha-Yoga Stade classique Eva Ruchpaul \u00c9ditions Ell\u00e9bore Pr\u00e9cis de Hatha-Yoga Technique Avanc\u00e9e Eva Ruchpaul \u00c9ditions Ell\u00e9bore Yoga sources [&hellip;]","og_url":"https:\/\/yoga-eva-ruchpaul.com\/en\/bibliography\/","og_site_name":"Eva Ruchpaul Institute - Hatha Yoga","article_publisher":"https:\/\/www.facebook.com\/EvaRuchpaul","article_modified_time":"2017-03-23T10:57:17+00:00","twitter_card":"summary_large_image","twitter_site":"@InstEvaRuchpaul","twitter_misc":{"Est. reading time":"2 minutes"},"schema":{"@context":"https:\/\/schema.org","@graph":[{"@type":"WebPage","@id":"https:\/\/yoga-eva-ruchpaul.com\/en\/bibliography\/","url":"https:\/\/yoga-eva-ruchpaul.com\/en\/bibliography\/","name":"Bibliography - Eva Ruchpaul Institute - Hatha Yoga","isPartOf":{"@id":"https:\/\/yoga-eva-ruchpaul.com\/#website"},"datePublished":"2016-12-15T10:42:34+00:00","dateModified":"2017-03-23T10:57:17+00:00","breadcrumb":{"@id":"https:\/\/yoga-eva-ruchpaul.com\/en\/bibliography\/#breadcrumb"},"inLanguage":"en-US","potentialAction":[{"@type":"ReadAction","target":["https:\/\/yoga-eva-ruchpaul.com\/en\/bibliography\/"]}]},{"@type":"BreadcrumbList","@id":"https:\/\/yoga-eva-ruchpaul.com\/en\/bibliography\/#breadcrumb","itemListElement":[{"@type":"ListItem","position":1,"name":"Accueil","item":"https:\/\/yoga-eva-ruchpaul.com\/en\/"},{"@type":"ListItem","position":2,"name":"Bibliography"}]},{"@type":"WebSite","@id":"https:\/\/yoga-eva-ruchpaul.com\/#website","url":"https:\/\/yoga-eva-ruchpaul.com\/","name":"Eva Ruchpaul Institute - Hatha Yoga","description":"Practicing, training, and learning yoga in Paris","publisher":{"@id":"https:\/\/yoga-eva-ruchpaul.com\/#organization"},"potentialAction":[{"@type":"SearchAction","target":{"@type":"EntryPoint","urlTemplate":"https:\/\/yoga-eva-ruchpaul.com\/?s={search_term_string}"},"query-input":{"@type":"PropertyValueSpecification","valueRequired":true,"valueName":"search_term_string"}}],"inLanguage":"en-US"},{"@type":"Organization","@id":"https:\/\/yoga-eva-ruchpaul.com\/#organization","name":"Institut Eva Ruchpaul","url":"https:\/\/yoga-eva-ruchpaul.com\/","logo":{"@type":"ImageObject","inLanguage":"en-US","@id":"https:\/\/yoga-eva-ruchpaul.com\/#\/schema\/logo\/image\/","url":"https:\/\/yoga-eva-ruchpaul.com\/wp-content\/uploads\/2016\/07\/logofull_IER.png","contentUrl":"https:\/\/yoga-eva-ruchpaul.com\/wp-content\/uploads\/2016\/07\/logofull_IER.png","width":670,"height":158,"caption":"Institut Eva Ruchpaul"},"image":{"@id":"https:\/\/yoga-eva-ruchpaul.com\/#\/schema\/logo\/image\/"},"sameAs":["https:\/\/www.facebook.com\/EvaRuchpaul","https:\/\/x.com\/InstEvaRuchpaul"]}]}},"_links":{"self":[{"href":"https:\/\/yoga-eva-ruchpaul.com\/en\/wp-json\/wp\/v2\/pages\/1036","targetHints":{"allow":["GET"]}}],"collection":[{"href":"https:\/\/yoga-eva-ruchpaul.com\/en\/wp-json\/wp\/v2\/pages"}],"about":[{"href":"https:\/\/yoga-eva-ruchpaul.com\/en\/wp-json\/wp\/v2\/types\/page"}],"author":[{"embeddable":true,"href":"https:\/\/yoga-eva-ruchpaul.com\/en\/wp-json\/wp\/v2\/users\/1"}],"replies":[{"embeddable":true,"href":"https:\/\/yoga-eva-ruchpaul.com\/en\/wp-json\/wp\/v2\/comments?post=1036"}],"version-history":[{"count":0,"href":"https:\/\/yoga-eva-ruchpaul.com\/en\/wp-json\/wp\/v2\/pages\/1036\/revisions"}],"wp:attachment":[{"href":"https:\/\/yoga-eva-ruchpaul.com\/en\/wp-json\/wp\/v2\/media?parent=1036"}],"curies":[{"name":"wp","href":"https:\/\/api.w.org\/{rel}","templated":true}]}}