{"id":963,"date":"2016-10-11T17:00:14","date_gmt":"2016-10-11T15:00:14","guid":{"rendered":"https:\/\/yoga-eva-ruchpaul.com\/le-hatha-yoga\/"},"modified":"2022-07-19T10:10:41","modified_gmt":"2022-07-19T08:10:41","slug":"hatha-yoga","status":"publish","type":"page","link":"https:\/\/yoga-eva-ruchpaul.com\/en\/hatha-yoga\/","title":{"rendered":"Hatha-Yoga"},"content":{"rendered":"<p>[et_pb_section bb_built=&#8221;1&#8243; admin_label=&#8221;Section&#8221; fullwidth=&#8221;off&#8221; specialty=&#8221;off&#8221;][et_pb_row admin_label=&#8221;Ligne&#8221;][et_pb_column type=&#8221;4_4&#8243;][et_pb_text admin_label=&#8221;Titre Le Hatha-Yoga&#8221; background_layout=&#8221;light&#8221; text_orientation=&#8221;center&#8221; text_font_size=&#8221;30&#8243; text_text_color=&#8221;#480614&#8243; use_border_color=&#8221;off&#8221; border_color=&#8221;#ffffff&#8221; border_style=&#8221;solid&#8221; header_text_color=&#8221;#480614&#8243; custom_padding=&#8221;||30px|&#8221;]<\/p>\n<h1>Hatha-Yoga<\/h1>\n<p>[\/et_pb_text][\/et_pb_column][\/et_pb_row][et_pb_row admin_label=&#8221;Ligne&#8221;][et_pb_column type=&#8221;1_2&#8243;][et_pb_text admin_label=&#8221;Texte&#8221; background_layout=&#8221;light&#8221; text_orientation=&#8221;left&#8221; use_border_color=&#8221;off&#8221; border_color=&#8221;#ffffff&#8221; border_style=&#8221;solid&#8221; text_font_size=&#8221;15&#8243;]<\/p>\n<p>Hatha-yoga has constituted a philosophy of life and an art of good living for over four thousand years. It has long  been considered with respect by the population at large, and is now  recognised by the medical profession.<\/p>\n<p>Scientific studies of the brain have proved its effectiveness in treating stress-related disorders such as back ache, insomnia and depression. <\/p>\n<p>Attention to breathing during postures and during relaxation times constitutes the first step of an active march towards inner balance.<\/p>\n<p>Similarly, the effects are drawn out and consolidated during the week that follows the class, and a heightened conscience optimizes the capacity to act and to make commitments.<\/p>\n<p>[\/et_pb_text][\/et_pb_column][et_pb_column type=&#8221;1_2&#8243;][et_pb_image admin_label=&#8221;Image&#8221; src=&#8221;https:\/\/yoga-eva-ruchpaul.com\/wp-content\/uploads\/2016\/10\/posture6.jpg&#8221; show_in_lightbox=&#8221;on&#8221; url_new_window=&#8221;off&#8221; use_overlay=&#8221;off&#8221; animation=&#8221;right&#8221; sticky=&#8221;off&#8221; align=&#8221;center&#8221; force_fullwidth=&#8221;off&#8221; always_center_on_mobile=&#8221;on&#8221; use_border_color=&#8221;off&#8221; border_color=&#8221;#ffffff&#8221; border_style=&#8221;solid&#8221; \/][\/et_pb_column][\/et_pb_row][et_pb_row admin_label=&#8221;Ligne&#8221;][et_pb_column type=&#8221;4_4&#8243;][et_pb_text admin_label=&#8221;Titre Le Yoga selon Eva Ruchpaul&#8221; background_layout=&#8221;light&#8221; text_orientation=&#8221;center&#8221; text_font_size=&#8221;30&#8243; text_text_color=&#8221;#480614&#8243; use_border_color=&#8221;off&#8221; border_color=&#8221;#ffffff&#8221; border_style=&#8221;solid&#8221; header_text_color=&#8221;#480614&#8243; custom_padding=&#8221;||30px|&#8221;]<\/p>\n<h1>The Eva Ruchpaul method of yoga<\/h1>\n<p>[\/et_pb_text][\/et_pb_column][\/et_pb_row][et_pb_row admin_label=&#8221;Ligne&#8221;][et_pb_column type=&#8221;1_2&#8243;][et_pb_image admin_label=&#8221;Image&#8221; src=&#8221;https:\/\/yoga-eva-ruchpaul.com\/wp-content\/uploads\/2016\/10\/posture18.jpg&#8221; show_in_lightbox=&#8221;on&#8221; url_new_window=&#8221;off&#8221; use_overlay=&#8221;off&#8221; animation=&#8221;left&#8221; sticky=&#8221;off&#8221; align=&#8221;center&#8221; force_fullwidth=&#8221;off&#8221; always_center_on_mobile=&#8221;on&#8221; use_border_color=&#8221;off&#8221; border_color=&#8221;#ffffff&#8221; border_style=&#8221;solid&#8221; \/][et_pb_image admin_label=&#8221;Image&#8221; src=&#8221;https:\/\/yoga-eva-ruchpaul.com\/wp-content\/uploads\/2016\/10\/posture8.jpg&#8221; show_in_lightbox=&#8221;on&#8221; url_new_window=&#8221;off&#8221; use_overlay=&#8221;off&#8221; animation=&#8221;left&#8221; sticky=&#8221;off&#8221; align=&#8221;center&#8221; force_fullwidth=&#8221;off&#8221; always_center_on_mobile=&#8221;on&#8221; use_border_color=&#8221;off&#8221; border_color=&#8221;#ffffff&#8221; border_style=&#8221;solid&#8221; \/][\/et_pb_column][et_pb_column type=&#8221;1_2&#8243;][et_pb_text admin_label=&#8221;Respiration Postures&#8221; background_layout=&#8221;light&#8221; text_orientation=&#8221;left&#8221; use_border_color=&#8221;off&#8221; border_color=&#8221;#ffffff&#8221; border_style=&#8221;solid&#8221; text_font_size=&#8221;15&#8243;]<\/p>\n<h2 style=\"margin: .1pt 0cm .1pt 0cm;\">A secular yoga <\/h2>\n<p>&nbsp;<\/p>\n<h3>Breathing and postures<\/h3>\n<ul>\n<li>Conscious breathing creates  the framework of the lesson.<\/li>\n<li>The quest for steady, flowing breath gives rise to mental serenity. <\/li>\n<li>The lesson is constructed around a three-stroke tempo : a posture, a time of relaxation, a breathing exercise, then another posture. Thus, posture and breathing are inextricably linked. <\/li>\n<li>Each posture has its own specific breathing pattern.<\/li>\n<li>Each posture is taken up, held for a comfortable time, and never repeated. <\/li>\n<li>The act of maintaining a static muscle tone nourishes the bones, stimulates the vital organs and balances the nervous system.<\/li>\n<li>The act of taking up and holding a posture without seeking to repeat it calls for total investment in the present.<\/li>\n<li>The student is permeated by the silence which  follows the lesson. <\/li>\n<\/ul>\n<p>[\/et_pb_text][\/et_pb_column][\/et_pb_row][et_pb_row admin_label=&#8221;Ligne&#8221;][et_pb_column type=&#8221;1_2&#8243;][et_pb_text admin_label=&#8221;La relation enseignant \/ enseign&#8221; background_layout=&#8221;light&#8221; text_orientation=&#8221;left&#8221; use_border_color=&#8221;off&#8221; border_color=&#8221;#ffffff&#8221; border_style=&#8221;solid&#8221; text_font_size=&#8221;15&#8243;]<\/p>\n<h3>The student\/teacher relationship<\/h3>\n<p>The teacher demonstrates the posture while the students watch. Then the roles are reversed and the teacher watches without intervening. If necessary, the teacher gives details and\/or corrections the following week, to allow for student progress.<\/p>\n<p>[\/et_pb_text][et_pb_text admin_label=&#8221;Amener l\u2019\u00e9l\u00e8ve \u00e0 l\u2019autonomie&#8221; background_layout=&#8221;light&#8221; text_orientation=&#8221;left&#8221; use_border_color=&#8221;off&#8221; border_color=&#8221;#ffffff&#8221; border_style=&#8221;solid&#8221; text_font_size=&#8221;15&#8243;]<\/p>\n<h3>Respecting the space and the rhythm of each individual<\/h3>\n<p>Each yoga student finds his\/her way forward by listening carefully to his\/her innermost feelings. <\/p>\n<p><em>\u00ab If art is a way to create, then yoga is a way to create oneself \u00bb<\/em>.<br \/>\n<strong>Paul Masson-Oursel<\/strong><\/p>\n<p>[\/et_pb_text][\/et_pb_column][et_pb_column type=&#8221;1_2&#8243;][et_pb_image admin_label=&#8221;Image&#8221; src=&#8221;https:\/\/yoga-eva-ruchpaul.com\/wp-content\/uploads\/2016\/10\/posture3.jpg&#8221; show_in_lightbox=&#8221;on&#8221; url_new_window=&#8221;off&#8221; use_overlay=&#8221;off&#8221; animation=&#8221;right&#8221; sticky=&#8221;off&#8221; align=&#8221;center&#8221; force_fullwidth=&#8221;off&#8221; always_center_on_mobile=&#8221;on&#8221; use_border_color=&#8221;off&#8221; border_color=&#8221;#ffffff&#8221; border_style=&#8221;solid&#8221; \/][\/et_pb_column][\/et_pb_row][et_pb_row admin_label=&#8221;Ligne&#8221;][et_pb_column type=&#8221;1_2&#8243;][et_pb_image admin_label=&#8221;Image&#8221; src=&#8221;https:\/\/yoga-eva-ruchpaul.com\/wp-content\/uploads\/2016\/10\/posture15.jpg&#8221; show_in_lightbox=&#8221;on&#8221; url_new_window=&#8221;off&#8221; use_overlay=&#8221;off&#8221; animation=&#8221;left&#8221; sticky=&#8221;off&#8221; align=&#8221;center&#8221; force_fullwidth=&#8221;off&#8221; always_center_on_mobile=&#8221;on&#8221; use_border_color=&#8221;off&#8221; border_color=&#8221;#ffffff&#8221; border_style=&#8221;solid&#8221; \/][\/et_pb_column][et_pb_column type=&#8221;1_2&#8243;][et_pb_text admin_label=&#8221;L\u2019originalit\u00e9 de la m\u00e9thode Eva Ruchpaul&#8221; background_layout=&#8221;light&#8221; text_orientation=&#8221;left&#8221; use_border_color=&#8221;off&#8221; border_color=&#8221;#ffffff&#8221; border_style=&#8221;solid&#8221; text_font_size=&#8221;15&#8243;]<\/p>\n<h3>The originality of the Eva Ruchpaul method<\/h3>\n<p>The originality can be found in the way postures are chosen so that they are linked one to the other in a coherent series. Each posture prepares for the one which follows, in a progression based on physiological concerns. <\/p>\n<p>Each lesson is constructed so that it is adapted to the mood and the state of the group, as well as the circumstances of the day, the time, the season and the climatic conditions. <\/p>\n<p>The search for the internal effects procured by each posture takes precedence over physical performance and physical flexibility. The chosen postures all derive from Indian Tradition and are adapted to modern life, while generating energy at minimal physical cost.<\/p>\n<p>[\/et_pb_text][\/et_pb_column][\/et_pb_row][\/et_pb_section]<\/p>\n","protected":false},"excerpt":{"rendered":"<p>Hatha-Yoga Hatha-yoga has constituted a philosophy of life and an art of good living for over four thousand years. It has long been considered with respect by the population at large, and is now recognised by the medical profession. Scientific studies of the brain have proved its effectiveness in treating stress-related disorders such as back [&hellip;]<\/p>\n","protected":false},"author":1,"featured_media":0,"parent":0,"menu_order":0,"comment_status":"closed","ping_status":"closed","template":"","meta":{"_et_pb_use_builder":"on","_et_pb_old_content":"","_et_gb_content_width":"","_exactmetrics_skip_tracking":false,"_exactmetrics_sitenote_active":false,"_exactmetrics_sitenote_note":"","_exactmetrics_sitenote_category":0,"footnotes":""},"class_list":["post-963","page","type-page","status-publish","hentry"],"yoast_head":"<!-- This site is optimized with the Yoast SEO plugin v27.1.1 - https:\/\/yoast.com\/product\/yoast-seo-wordpress\/ -->\n<title>Hatha-Yoga - Eva Ruchpaul Institute - Hatha Yoga<\/title>\n<meta name=\"robots\" content=\"index, follow, max-snippet:-1, max-image-preview:large, max-video-preview:-1\" \/>\n<link rel=\"canonical\" href=\"https:\/\/yoga-eva-ruchpaul.com\/en\/hatha-yoga\/\" \/>\n<meta property=\"og:locale\" content=\"en_US\" \/>\n<meta property=\"og:type\" content=\"article\" \/>\n<meta property=\"og:title\" content=\"Hatha-Yoga - Eva Ruchpaul Institute - Hatha Yoga\" \/>\n<meta property=\"og:description\" content=\"Hatha-Yoga Hatha-yoga has constituted a philosophy of life and an art of good living for over four thousand years. It has long been considered with respect by the population at large, and is now recognised by the medical profession. Scientific studies of the brain have proved its effectiveness in treating stress-related disorders such as back [&hellip;]\" \/>\n<meta property=\"og:url\" content=\"https:\/\/yoga-eva-ruchpaul.com\/en\/hatha-yoga\/\" \/>\n<meta property=\"og:site_name\" content=\"Eva Ruchpaul Institute - Hatha Yoga\" \/>\n<meta property=\"article:publisher\" content=\"https:\/\/www.facebook.com\/EvaRuchpaul\" \/>\n<meta property=\"article:modified_time\" content=\"2022-07-19T08:10:41+00:00\" \/>\n<meta name=\"twitter:card\" content=\"summary_large_image\" \/>\n<meta name=\"twitter:site\" content=\"@InstEvaRuchpaul\" \/>\n<meta name=\"twitter:label1\" content=\"Est. reading time\" \/>\n\t<meta name=\"twitter:data1\" content=\"5 minutes\" \/>\n<script type=\"application\/ld+json\" class=\"yoast-schema-graph\">{\"@context\":\"https:\/\/schema.org\",\"@graph\":[{\"@type\":\"WebPage\",\"@id\":\"https:\/\/yoga-eva-ruchpaul.com\/en\/hatha-yoga\/\",\"url\":\"https:\/\/yoga-eva-ruchpaul.com\/en\/hatha-yoga\/\",\"name\":\"Hatha-Yoga - Eva Ruchpaul Institute - Hatha Yoga\",\"isPartOf\":{\"@id\":\"https:\/\/yoga-eva-ruchpaul.com\/#website\"},\"datePublished\":\"2016-10-11T15:00:14+00:00\",\"dateModified\":\"2022-07-19T08:10:41+00:00\",\"breadcrumb\":{\"@id\":\"https:\/\/yoga-eva-ruchpaul.com\/en\/hatha-yoga\/#breadcrumb\"},\"inLanguage\":\"en-US\",\"potentialAction\":[{\"@type\":\"ReadAction\",\"target\":[\"https:\/\/yoga-eva-ruchpaul.com\/en\/hatha-yoga\/\"]}]},{\"@type\":\"BreadcrumbList\",\"@id\":\"https:\/\/yoga-eva-ruchpaul.com\/en\/hatha-yoga\/#breadcrumb\",\"itemListElement\":[{\"@type\":\"ListItem\",\"position\":1,\"name\":\"Accueil\",\"item\":\"https:\/\/yoga-eva-ruchpaul.com\/en\/\"},{\"@type\":\"ListItem\",\"position\":2,\"name\":\"Hatha-Yoga\"}]},{\"@type\":\"WebSite\",\"@id\":\"https:\/\/yoga-eva-ruchpaul.com\/#website\",\"url\":\"https:\/\/yoga-eva-ruchpaul.com\/\",\"name\":\"Eva Ruchpaul Institute - Hatha Yoga\",\"description\":\"Practicing, training, and learning yoga in Paris\",\"publisher\":{\"@id\":\"https:\/\/yoga-eva-ruchpaul.com\/#organization\"},\"potentialAction\":[{\"@type\":\"SearchAction\",\"target\":{\"@type\":\"EntryPoint\",\"urlTemplate\":\"https:\/\/yoga-eva-ruchpaul.com\/?s={search_term_string}\"},\"query-input\":{\"@type\":\"PropertyValueSpecification\",\"valueRequired\":true,\"valueName\":\"search_term_string\"}}],\"inLanguage\":\"en-US\"},{\"@type\":\"Organization\",\"@id\":\"https:\/\/yoga-eva-ruchpaul.com\/#organization\",\"name\":\"Institut Eva Ruchpaul\",\"url\":\"https:\/\/yoga-eva-ruchpaul.com\/\",\"logo\":{\"@type\":\"ImageObject\",\"inLanguage\":\"en-US\",\"@id\":\"https:\/\/yoga-eva-ruchpaul.com\/#\/schema\/logo\/image\/\",\"url\":\"https:\/\/yoga-eva-ruchpaul.com\/wp-content\/uploads\/2016\/07\/logofull_IER.png\",\"contentUrl\":\"https:\/\/yoga-eva-ruchpaul.com\/wp-content\/uploads\/2016\/07\/logofull_IER.png\",\"width\":670,\"height\":158,\"caption\":\"Institut Eva Ruchpaul\"},\"image\":{\"@id\":\"https:\/\/yoga-eva-ruchpaul.com\/#\/schema\/logo\/image\/\"},\"sameAs\":[\"https:\/\/www.facebook.com\/EvaRuchpaul\",\"https:\/\/x.com\/InstEvaRuchpaul\"]}]}<\/script>\n<!-- \/ Yoast SEO plugin. -->","yoast_head_json":{"title":"Hatha-Yoga - Eva Ruchpaul Institute - Hatha Yoga","robots":{"index":"index","follow":"follow","max-snippet":"max-snippet:-1","max-image-preview":"max-image-preview:large","max-video-preview":"max-video-preview:-1"},"canonical":"https:\/\/yoga-eva-ruchpaul.com\/en\/hatha-yoga\/","og_locale":"en_US","og_type":"article","og_title":"Hatha-Yoga - Eva Ruchpaul Institute - Hatha Yoga","og_description":"Hatha-Yoga Hatha-yoga has constituted a philosophy of life and an art of good living for over four thousand years. It has long been considered with respect by the population at large, and is now recognised by the medical profession. Scientific studies of the brain have proved its effectiveness in treating stress-related disorders such as back [&hellip;]","og_url":"https:\/\/yoga-eva-ruchpaul.com\/en\/hatha-yoga\/","og_site_name":"Eva Ruchpaul Institute - Hatha Yoga","article_publisher":"https:\/\/www.facebook.com\/EvaRuchpaul","article_modified_time":"2022-07-19T08:10:41+00:00","twitter_card":"summary_large_image","twitter_site":"@InstEvaRuchpaul","twitter_misc":{"Est. reading time":"5 minutes"},"schema":{"@context":"https:\/\/schema.org","@graph":[{"@type":"WebPage","@id":"https:\/\/yoga-eva-ruchpaul.com\/en\/hatha-yoga\/","url":"https:\/\/yoga-eva-ruchpaul.com\/en\/hatha-yoga\/","name":"Hatha-Yoga - Eva Ruchpaul Institute - Hatha Yoga","isPartOf":{"@id":"https:\/\/yoga-eva-ruchpaul.com\/#website"},"datePublished":"2016-10-11T15:00:14+00:00","dateModified":"2022-07-19T08:10:41+00:00","breadcrumb":{"@id":"https:\/\/yoga-eva-ruchpaul.com\/en\/hatha-yoga\/#breadcrumb"},"inLanguage":"en-US","potentialAction":[{"@type":"ReadAction","target":["https:\/\/yoga-eva-ruchpaul.com\/en\/hatha-yoga\/"]}]},{"@type":"BreadcrumbList","@id":"https:\/\/yoga-eva-ruchpaul.com\/en\/hatha-yoga\/#breadcrumb","itemListElement":[{"@type":"ListItem","position":1,"name":"Accueil","item":"https:\/\/yoga-eva-ruchpaul.com\/en\/"},{"@type":"ListItem","position":2,"name":"Hatha-Yoga"}]},{"@type":"WebSite","@id":"https:\/\/yoga-eva-ruchpaul.com\/#website","url":"https:\/\/yoga-eva-ruchpaul.com\/","name":"Eva Ruchpaul Institute - Hatha Yoga","description":"Practicing, training, and learning yoga in Paris","publisher":{"@id":"https:\/\/yoga-eva-ruchpaul.com\/#organization"},"potentialAction":[{"@type":"SearchAction","target":{"@type":"EntryPoint","urlTemplate":"https:\/\/yoga-eva-ruchpaul.com\/?s={search_term_string}"},"query-input":{"@type":"PropertyValueSpecification","valueRequired":true,"valueName":"search_term_string"}}],"inLanguage":"en-US"},{"@type":"Organization","@id":"https:\/\/yoga-eva-ruchpaul.com\/#organization","name":"Institut Eva Ruchpaul","url":"https:\/\/yoga-eva-ruchpaul.com\/","logo":{"@type":"ImageObject","inLanguage":"en-US","@id":"https:\/\/yoga-eva-ruchpaul.com\/#\/schema\/logo\/image\/","url":"https:\/\/yoga-eva-ruchpaul.com\/wp-content\/uploads\/2016\/07\/logofull_IER.png","contentUrl":"https:\/\/yoga-eva-ruchpaul.com\/wp-content\/uploads\/2016\/07\/logofull_IER.png","width":670,"height":158,"caption":"Institut Eva Ruchpaul"},"image":{"@id":"https:\/\/yoga-eva-ruchpaul.com\/#\/schema\/logo\/image\/"},"sameAs":["https:\/\/www.facebook.com\/EvaRuchpaul","https:\/\/x.com\/InstEvaRuchpaul"]}]}},"_links":{"self":[{"href":"https:\/\/yoga-eva-ruchpaul.com\/en\/wp-json\/wp\/v2\/pages\/963","targetHints":{"allow":["GET"]}}],"collection":[{"href":"https:\/\/yoga-eva-ruchpaul.com\/en\/wp-json\/wp\/v2\/pages"}],"about":[{"href":"https:\/\/yoga-eva-ruchpaul.com\/en\/wp-json\/wp\/v2\/types\/page"}],"author":[{"embeddable":true,"href":"https:\/\/yoga-eva-ruchpaul.com\/en\/wp-json\/wp\/v2\/users\/1"}],"replies":[{"embeddable":true,"href":"https:\/\/yoga-eva-ruchpaul.com\/en\/wp-json\/wp\/v2\/comments?post=963"}],"version-history":[{"count":1,"href":"https:\/\/yoga-eva-ruchpaul.com\/en\/wp-json\/wp\/v2\/pages\/963\/revisions"}],"predecessor-version":[{"id":3721,"href":"https:\/\/yoga-eva-ruchpaul.com\/en\/wp-json\/wp\/v2\/pages\/963\/revisions\/3721"}],"wp:attachment":[{"href":"https:\/\/yoga-eva-ruchpaul.com\/en\/wp-json\/wp\/v2\/media?parent=963"}],"curies":[{"name":"wp","href":"https:\/\/api.w.org\/{rel}","templated":true}]}}