{"id":973,"date":"2016-10-11T16:07:33","date_gmt":"2016-10-11T14:07:33","guid":{"rendered":"https:\/\/yoga-eva-ruchpaul.com\/les-ouvrages-eva-ruchpaul\/"},"modified":"2022-07-19T09:43:40","modified_gmt":"2022-07-19T07:43:40","slug":"eva-ruchpauls-handbook","status":"publish","type":"page","link":"https:\/\/yoga-eva-ruchpaul.com\/en\/eva-ruchpauls-handbook\/","title":{"rendered":"Eva Ruchpaul&#8217;s HandBook"},"content":{"rendered":"<p>[et_pb_section bb_built=&#8221;1&#8243; admin_label=&#8221;Section&#8221; fullwidth=&#8221;off&#8221; specialty=&#8221;off&#8221;][et_pb_row admin_label=&#8221;Ligne&#8221;][et_pb_column type=&#8221;4_4&#8243;][et_pb_text admin_label=&#8221;Titre Ouvrages Eva Ruchpaul ?&#8221; background_layout=&#8221;light&#8221; text_orientation=&#8221;center&#8221; text_font_size=&#8221;30&#8243; text_text_color=&#8221;#480614&#8243; use_border_color=&#8221;off&#8221; border_color=&#8221;#ffffff&#8221; border_style=&#8221;solid&#8221; header_text_color=&#8221;#480614&#8243; custom_padding=&#8221;||30px|&#8221;]<\/p>\n<h1>Eva Ruchpaul&#8217;s HandBook<\/h1>\n<p>[\/et_pb_text][\/et_pb_column][\/et_pb_row][et_pb_row admin_label=&#8221;Ligne&#8221;][et_pb_column type=&#8221;1_2&#8243;][et_pb_image admin_label=&#8221;Image&#8221; src=&#8221;https:\/\/yoga-eva-ruchpaul.com\/wp-content\/uploads\/2016\/10\/biblio1.jpg&#8221; alt=&#8221;Le Hatha Yoga&#8221; show_in_lightbox=&#8221;on&#8221; url_new_window=&#8221;off&#8221; use_overlay=&#8221;off&#8221; animation=&#8221;left&#8221; sticky=&#8221;off&#8221; align=&#8221;center&#8221; force_fullwidth=&#8221;off&#8221; always_center_on_mobile=&#8221;on&#8221; use_border_color=&#8221;off&#8221; border_color=&#8221;#ffffff&#8221; border_style=&#8221;solid&#8221; max_width=&#8221;200px&#8221; \/][\/et_pb_column][et_pb_column type=&#8221;1_2&#8243;][et_pb_text admin_label=&#8221;Texte&#8221; background_layout=&#8221;light&#8221; text_orientation=&#8221;left&#8221; use_border_color=&#8221;off&#8221; border_color=&#8221;#ffffff&#8221; border_style=&#8221;solid&#8221; header_line_height=&#8221;1.2em&#8221; text_line_height=&#8221;1.8em&#8221;]<\/p>\n<h2>Le Hatha-yoga<\/h2>\n<p><strong>Eva Ruchpaul<\/strong><\/p>\n<p>\u00c9ditions Deno\u00ebl<br \/>\nCollection Connaissance et Technique<\/p>\n<p>[\/et_pb_text][\/et_pb_column][\/et_pb_row][et_pb_row admin_label=&#8221;Ligne&#8221;][et_pb_column type=&#8221;4_4&#8243;][et_pb_divider admin_label=&#8221;S\u00e9parateur&#8221; saved_tabs=&#8221;all&#8221; color=&#8221;#f2e7e8&#8243; show_divider=&#8221;on&#8221; divider_style=&#8221;solid&#8221; divider_position=&#8221;top&#8221; hide_on_mobile=&#8221;off&#8221; \/][\/et_pb_column][\/et_pb_row][et_pb_row admin_label=&#8221;Ligne&#8221;][et_pb_column type=&#8221;1_2&#8243;][et_pb_image admin_label=&#8221;Image&#8221; src=&#8221;https:\/\/yoga-eva-ruchpaul.com\/wp-content\/uploads\/2016\/10\/biblio2.jpg&#8221; alt=&#8221;Hatha Yoga Bien Temp\u00e9r\u00e9&#8221; show_in_lightbox=&#8221;on&#8221; url_new_window=&#8221;off&#8221; use_overlay=&#8221;off&#8221; animation=&#8221;left&#8221; sticky=&#8221;off&#8221; align=&#8221;center&#8221; force_fullwidth=&#8221;off&#8221; always_center_on_mobile=&#8221;on&#8221; use_border_color=&#8221;off&#8221; border_color=&#8221;#ffffff&#8221; border_style=&#8221;solid&#8221; max_width=&#8221;200px&#8221; \/][\/et_pb_column][et_pb_column type=&#8221;1_2&#8243;][et_pb_text admin_label=&#8221;Texte&#8221; background_layout=&#8221;light&#8221; text_orientation=&#8221;left&#8221; use_border_color=&#8221;off&#8221; border_color=&#8221;#ffffff&#8221; border_style=&#8221;solid&#8221; header_line_height=&#8221;1.2em&#8221; text_line_height=&#8221;1.8em&#8221;]<\/p>\n<h2>Hatha-Yoga Bien Temp\u00e9r\u00e9<\/h2>\n<p><strong>Eva Ruchpaul<\/strong><\/p>\n<p>\u00c9ditions Presses Universitaires de France<\/p>\n<p>[\/et_pb_text][\/et_pb_column][\/et_pb_row][et_pb_row admin_label=&#8221;Ligne&#8221;][et_pb_column type=&#8221;4_4&#8243;][et_pb_divider admin_label=&#8221;S\u00e9parateur&#8221; saved_tabs=&#8221;all&#8221; color=&#8221;#f2e7e8&#8243; show_divider=&#8221;on&#8221; divider_style=&#8221;solid&#8221; divider_position=&#8221;top&#8221; hide_on_mobile=&#8221;off&#8221; \/][\/et_pb_column][\/et_pb_row][et_pb_row admin_label=&#8221;Ligne&#8221;][et_pb_column type=&#8221;1_2&#8243;][et_pb_image admin_label=&#8221;Image&#8221; src=&#8221;https:\/\/yoga-eva-ruchpaul.com\/wp-content\/uploads\/2016\/10\/biblio3.jpg&#8221; alt=&#8221;Pr\u00e9cis de Hatha-Yoga &#8211; Stade Fondamental&#8221; show_in_lightbox=&#8221;on&#8221; url_new_window=&#8221;off&#8221; use_overlay=&#8221;off&#8221; animation=&#8221;left&#8221; sticky=&#8221;off&#8221; align=&#8221;center&#8221; force_fullwidth=&#8221;off&#8221; always_center_on_mobile=&#8221;on&#8221; use_border_color=&#8221;off&#8221; border_color=&#8221;#ffffff&#8221; border_style=&#8221;solid&#8221; max_width=&#8221;200px&#8221; \/][\/et_pb_column][et_pb_column type=&#8221;1_2&#8243;][et_pb_text admin_label=&#8221;Texte&#8221; background_layout=&#8221;light&#8221; text_orientation=&#8221;left&#8221; use_border_color=&#8221;off&#8221; border_color=&#8221;#ffffff&#8221; border_style=&#8221;solid&#8221; header_line_height=&#8221;1.2em&#8221; text_line_height=&#8221;1.8em&#8221;]<\/p>\n<h2>Pr\u00e9cis de Hatha-Yoga<br \/>\nStade Fondamental<\/h2>\n<p><strong>Eva Ruchpaul<\/strong><\/p>\n<p>\u00c9ditions Ell\u00e9bore<\/p>\n<p>[\/et_pb_text][\/et_pb_column][\/et_pb_row][et_pb_row admin_label=&#8221;Ligne&#8221;][et_pb_column type=&#8221;4_4&#8243;][et_pb_divider admin_label=&#8221;S\u00e9parateur&#8221; saved_tabs=&#8221;all&#8221; color=&#8221;#f2e7e8&#8243; show_divider=&#8221;on&#8221; divider_style=&#8221;solid&#8221; divider_position=&#8221;top&#8221; hide_on_mobile=&#8221;off&#8221; \/][\/et_pb_column][\/et_pb_row][et_pb_row admin_label=&#8221;Ligne&#8221;][et_pb_column type=&#8221;1_2&#8243;][et_pb_image admin_label=&#8221;Image&#8221; src=&#8221;https:\/\/yoga-eva-ruchpaul.com\/wp-content\/uploads\/2016\/10\/biblio4.jpg&#8221; alt=&#8221;Pr\u00e9cis de Hatha-Yoga &#8211; Stade Classique&#8221; show_in_lightbox=&#8221;on&#8221; url_new_window=&#8221;off&#8221; use_overlay=&#8221;off&#8221; animation=&#8221;left&#8221; sticky=&#8221;off&#8221; align=&#8221;center&#8221; force_fullwidth=&#8221;off&#8221; always_center_on_mobile=&#8221;on&#8221; use_border_color=&#8221;off&#8221; border_color=&#8221;#ffffff&#8221; border_style=&#8221;solid&#8221; max_width=&#8221;200px&#8221; \/][\/et_pb_column][et_pb_column type=&#8221;1_2&#8243;][et_pb_text admin_label=&#8221;Texte&#8221; background_layout=&#8221;light&#8221; text_orientation=&#8221;left&#8221; use_border_color=&#8221;off&#8221; border_color=&#8221;#ffffff&#8221; border_style=&#8221;solid&#8221; header_line_height=&#8221;1.2em&#8221; text_line_height=&#8221;1.8em&#8221;]<\/p>\n<h2>Pr\u00e9cis de Hatha-Yoga<br \/>\nStade Classique<\/h2>\n<p><strong>Eva Ruchpaul<\/strong><\/p>\n<p>\u00c9ditions Ell\u00e9bore<\/p>\n<p>[\/et_pb_text][\/et_pb_column][\/et_pb_row][et_pb_row admin_label=&#8221;Ligne&#8221;][et_pb_column type=&#8221;4_4&#8243;][et_pb_divider admin_label=&#8221;S\u00e9parateur&#8221; saved_tabs=&#8221;all&#8221; color=&#8221;#f2e7e8&#8243; show_divider=&#8221;on&#8221; divider_style=&#8221;solid&#8221; divider_position=&#8221;top&#8221; hide_on_mobile=&#8221;off&#8221; \/][\/et_pb_column][\/et_pb_row][et_pb_row admin_label=&#8221;Ligne&#8221;][et_pb_column type=&#8221;1_2&#8243;][et_pb_image admin_label=&#8221;Image&#8221; src=&#8221;https:\/\/yoga-eva-ruchpaul.com\/wp-content\/uploads\/2016\/10\/biblio5.jpg&#8221; alt=&#8221;Pr\u00e9cis de Hatha-Yoga &#8211; Technique Avanc\u00e9e&#8221; show_in_lightbox=&#8221;on&#8221; url_new_window=&#8221;off&#8221; use_overlay=&#8221;off&#8221; animation=&#8221;left&#8221; sticky=&#8221;off&#8221; align=&#8221;center&#8221; force_fullwidth=&#8221;off&#8221; always_center_on_mobile=&#8221;on&#8221; use_border_color=&#8221;off&#8221; border_color=&#8221;#ffffff&#8221; border_style=&#8221;solid&#8221; max_width=&#8221;200px&#8221; \/][\/et_pb_column][et_pb_column type=&#8221;1_2&#8243;][et_pb_text admin_label=&#8221;Texte&#8221; background_layout=&#8221;light&#8221; text_orientation=&#8221;left&#8221; use_border_color=&#8221;off&#8221; border_color=&#8221;#ffffff&#8221; border_style=&#8221;solid&#8221; header_line_height=&#8221;1.2em&#8221; text_line_height=&#8221;1.8em&#8221;]<\/p>\n<h2>Pr\u00e9cis de Hatha-Yoga<br \/>\nTechnique Avanc\u00e9e<\/h2>\n<p><strong>Eva Ruchpaul<\/strong><\/p>\n<p>\u00c9ditions Ell\u00e9bore<\/p>\n<p>[\/et_pb_text][\/et_pb_column][\/et_pb_row][et_pb_row admin_label=&#8221;Ligne&#8221;][et_pb_column type=&#8221;4_4&#8243;][et_pb_divider admin_label=&#8221;S\u00e9parateur&#8221; saved_tabs=&#8221;all&#8221; color=&#8221;#f2e7e8&#8243; show_divider=&#8221;on&#8221; divider_style=&#8221;solid&#8221; divider_position=&#8221;top&#8221; hide_on_mobile=&#8221;off&#8221; \/][\/et_pb_column][\/et_pb_row][et_pb_row admin_label=&#8221;Ligne&#8221;][et_pb_column type=&#8221;1_2&#8243;][et_pb_image admin_label=&#8221;Image&#8221; src=&#8221;https:\/\/yoga-eva-ruchpaul.com\/wp-content\/uploads\/2016\/10\/biblio6.jpg&#8221; alt=&#8221;Yoga &#8211; Sources et Variations&#8221; show_in_lightbox=&#8221;on&#8221; url_new_window=&#8221;off&#8221; use_overlay=&#8221;off&#8221; animation=&#8221;left&#8221; sticky=&#8221;off&#8221; align=&#8221;center&#8221; force_fullwidth=&#8221;off&#8221; always_center_on_mobile=&#8221;on&#8221; use_border_color=&#8221;off&#8221; border_color=&#8221;#ffffff&#8221; border_style=&#8221;solid&#8221; max_width=&#8221;200px&#8221; \/][\/et_pb_column][et_pb_column type=&#8221;1_2&#8243;][et_pb_text admin_label=&#8221;Texte&#8221; background_layout=&#8221;light&#8221; text_orientation=&#8221;left&#8221; use_border_color=&#8221;off&#8221; border_color=&#8221;#ffffff&#8221; border_style=&#8221;solid&#8221; header_line_height=&#8221;1.2em&#8221; text_line_height=&#8221;1.8em&#8221;]<\/p>\n<h2>Yoga, Sources et Variations<\/h2>\n<p><strong>Eva Ruchpaul, Colette Poggi<br \/>\n<\/strong><\/p>\n<p>\u00c9ditions Ell\u00e9bore<\/p>\n<p>[\/et_pb_text][\/et_pb_column][\/et_pb_row][\/et_pb_section]<\/p>\n","protected":false},"excerpt":{"rendered":"<p>Eva Ruchpaul&#8217;s HandBook Le Hatha-yoga Eva Ruchpaul \u00c9ditions Deno\u00ebl Collection Connaissance et Technique Hatha-Yoga Bien Temp\u00e9r\u00e9 Eva Ruchpaul \u00c9ditions Presses Universitaires de France Pr\u00e9cis de Hatha-Yoga Stade Fondamental Eva Ruchpaul \u00c9ditions Ell\u00e9bore Pr\u00e9cis de Hatha-Yoga Stade Classique Eva Ruchpaul \u00c9ditions Ell\u00e9bore Pr\u00e9cis de Hatha-Yoga Technique Avanc\u00e9e Eva Ruchpaul \u00c9ditions Ell\u00e9bore Yoga, Sources et Variations Eva [&hellip;]<\/p>\n","protected":false},"author":1,"featured_media":0,"parent":0,"menu_order":0,"comment_status":"closed","ping_status":"closed","template":"","meta":{"_et_pb_use_builder":"on","_et_pb_old_content":"","_et_gb_content_width":"","_exactmetrics_skip_tracking":false,"_exactmetrics_sitenote_active":false,"_exactmetrics_sitenote_note":"","_exactmetrics_sitenote_category":0,"footnotes":""},"class_list":["post-973","page","type-page","status-publish","hentry"],"yoast_head":"<!-- This site is optimized with the Yoast SEO plugin v27.1.1 - https:\/\/yoast.com\/product\/yoast-seo-wordpress\/ -->\n<title>Eva Ruchpaul&#039;s HandBook - Eva Ruchpaul Institute - Hatha Yoga<\/title>\n<meta name=\"robots\" content=\"index, follow, max-snippet:-1, max-image-preview:large, max-video-preview:-1\" \/>\n<link rel=\"canonical\" href=\"https:\/\/yoga-eva-ruchpaul.com\/en\/eva-ruchpauls-handbook\/\" \/>\n<meta property=\"og:locale\" content=\"en_US\" \/>\n<meta property=\"og:type\" content=\"article\" \/>\n<meta property=\"og:title\" content=\"Eva Ruchpaul&#039;s HandBook - Eva Ruchpaul Institute - Hatha Yoga\" \/>\n<meta property=\"og:description\" content=\"Eva Ruchpaul&#039;s HandBook Le Hatha-yoga Eva Ruchpaul \u00c9ditions Deno\u00ebl Collection Connaissance et Technique Hatha-Yoga Bien Temp\u00e9r\u00e9 Eva Ruchpaul \u00c9ditions Presses Universitaires de France Pr\u00e9cis de Hatha-Yoga Stade Fondamental Eva Ruchpaul \u00c9ditions Ell\u00e9bore Pr\u00e9cis de Hatha-Yoga Stade Classique Eva Ruchpaul \u00c9ditions Ell\u00e9bore Pr\u00e9cis de Hatha-Yoga Technique Avanc\u00e9e Eva Ruchpaul \u00c9ditions Ell\u00e9bore Yoga, Sources et Variations Eva [&hellip;]\" \/>\n<meta property=\"og:url\" content=\"https:\/\/yoga-eva-ruchpaul.com\/en\/eva-ruchpauls-handbook\/\" \/>\n<meta property=\"og:site_name\" content=\"Eva Ruchpaul Institute - Hatha Yoga\" \/>\n<meta property=\"article:publisher\" content=\"https:\/\/www.facebook.com\/EvaRuchpaul\" \/>\n<meta property=\"article:modified_time\" content=\"2022-07-19T07:43:40+00:00\" \/>\n<meta name=\"twitter:card\" content=\"summary_large_image\" \/>\n<meta name=\"twitter:site\" content=\"@InstEvaRuchpaul\" \/>\n<meta name=\"twitter:label1\" content=\"Est. reading time\" \/>\n\t<meta name=\"twitter:data1\" content=\"5 minutes\" \/>\n<script type=\"application\/ld+json\" class=\"yoast-schema-graph\">{\"@context\":\"https:\/\/schema.org\",\"@graph\":[{\"@type\":\"WebPage\",\"@id\":\"https:\/\/yoga-eva-ruchpaul.com\/en\/eva-ruchpauls-handbook\/\",\"url\":\"https:\/\/yoga-eva-ruchpaul.com\/en\/eva-ruchpauls-handbook\/\",\"name\":\"Eva Ruchpaul's HandBook - Eva Ruchpaul Institute - Hatha Yoga\",\"isPartOf\":{\"@id\":\"https:\/\/yoga-eva-ruchpaul.com\/#website\"},\"datePublished\":\"2016-10-11T14:07:33+00:00\",\"dateModified\":\"2022-07-19T07:43:40+00:00\",\"breadcrumb\":{\"@id\":\"https:\/\/yoga-eva-ruchpaul.com\/en\/eva-ruchpauls-handbook\/#breadcrumb\"},\"inLanguage\":\"en-US\",\"potentialAction\":[{\"@type\":\"ReadAction\",\"target\":[\"https:\/\/yoga-eva-ruchpaul.com\/en\/eva-ruchpauls-handbook\/\"]}]},{\"@type\":\"BreadcrumbList\",\"@id\":\"https:\/\/yoga-eva-ruchpaul.com\/en\/eva-ruchpauls-handbook\/#breadcrumb\",\"itemListElement\":[{\"@type\":\"ListItem\",\"position\":1,\"name\":\"Accueil\",\"item\":\"https:\/\/yoga-eva-ruchpaul.com\/en\/\"},{\"@type\":\"ListItem\",\"position\":2,\"name\":\"Eva Ruchpaul&rsquo;s HandBook\"}]},{\"@type\":\"WebSite\",\"@id\":\"https:\/\/yoga-eva-ruchpaul.com\/#website\",\"url\":\"https:\/\/yoga-eva-ruchpaul.com\/\",\"name\":\"Eva Ruchpaul Institute - Hatha Yoga\",\"description\":\"Practicing, training, and learning yoga in Paris\",\"publisher\":{\"@id\":\"https:\/\/yoga-eva-ruchpaul.com\/#organization\"},\"potentialAction\":[{\"@type\":\"SearchAction\",\"target\":{\"@type\":\"EntryPoint\",\"urlTemplate\":\"https:\/\/yoga-eva-ruchpaul.com\/?s={search_term_string}\"},\"query-input\":{\"@type\":\"PropertyValueSpecification\",\"valueRequired\":true,\"valueName\":\"search_term_string\"}}],\"inLanguage\":\"en-US\"},{\"@type\":\"Organization\",\"@id\":\"https:\/\/yoga-eva-ruchpaul.com\/#organization\",\"name\":\"Institut Eva Ruchpaul\",\"url\":\"https:\/\/yoga-eva-ruchpaul.com\/\",\"logo\":{\"@type\":\"ImageObject\",\"inLanguage\":\"en-US\",\"@id\":\"https:\/\/yoga-eva-ruchpaul.com\/#\/schema\/logo\/image\/\",\"url\":\"https:\/\/yoga-eva-ruchpaul.com\/wp-content\/uploads\/2016\/07\/logofull_IER.png\",\"contentUrl\":\"https:\/\/yoga-eva-ruchpaul.com\/wp-content\/uploads\/2016\/07\/logofull_IER.png\",\"width\":670,\"height\":158,\"caption\":\"Institut Eva Ruchpaul\"},\"image\":{\"@id\":\"https:\/\/yoga-eva-ruchpaul.com\/#\/schema\/logo\/image\/\"},\"sameAs\":[\"https:\/\/www.facebook.com\/EvaRuchpaul\",\"https:\/\/x.com\/InstEvaRuchpaul\"]}]}<\/script>\n<!-- \/ Yoast SEO plugin. -->","yoast_head_json":{"title":"Eva Ruchpaul's HandBook - Eva Ruchpaul Institute - Hatha Yoga","robots":{"index":"index","follow":"follow","max-snippet":"max-snippet:-1","max-image-preview":"max-image-preview:large","max-video-preview":"max-video-preview:-1"},"canonical":"https:\/\/yoga-eva-ruchpaul.com\/en\/eva-ruchpauls-handbook\/","og_locale":"en_US","og_type":"article","og_title":"Eva Ruchpaul's HandBook - Eva Ruchpaul Institute - Hatha Yoga","og_description":"Eva Ruchpaul's HandBook Le Hatha-yoga Eva Ruchpaul \u00c9ditions Deno\u00ebl Collection Connaissance et Technique Hatha-Yoga Bien Temp\u00e9r\u00e9 Eva Ruchpaul \u00c9ditions Presses Universitaires de France Pr\u00e9cis de Hatha-Yoga Stade Fondamental Eva Ruchpaul \u00c9ditions Ell\u00e9bore Pr\u00e9cis de Hatha-Yoga Stade Classique Eva Ruchpaul \u00c9ditions Ell\u00e9bore Pr\u00e9cis de Hatha-Yoga Technique Avanc\u00e9e Eva Ruchpaul \u00c9ditions Ell\u00e9bore Yoga, Sources et Variations Eva [&hellip;]","og_url":"https:\/\/yoga-eva-ruchpaul.com\/en\/eva-ruchpauls-handbook\/","og_site_name":"Eva Ruchpaul Institute - Hatha Yoga","article_publisher":"https:\/\/www.facebook.com\/EvaRuchpaul","article_modified_time":"2022-07-19T07:43:40+00:00","twitter_card":"summary_large_image","twitter_site":"@InstEvaRuchpaul","twitter_misc":{"Est. reading time":"5 minutes"},"schema":{"@context":"https:\/\/schema.org","@graph":[{"@type":"WebPage","@id":"https:\/\/yoga-eva-ruchpaul.com\/en\/eva-ruchpauls-handbook\/","url":"https:\/\/yoga-eva-ruchpaul.com\/en\/eva-ruchpauls-handbook\/","name":"Eva Ruchpaul's HandBook - Eva Ruchpaul Institute - Hatha Yoga","isPartOf":{"@id":"https:\/\/yoga-eva-ruchpaul.com\/#website"},"datePublished":"2016-10-11T14:07:33+00:00","dateModified":"2022-07-19T07:43:40+00:00","breadcrumb":{"@id":"https:\/\/yoga-eva-ruchpaul.com\/en\/eva-ruchpauls-handbook\/#breadcrumb"},"inLanguage":"en-US","potentialAction":[{"@type":"ReadAction","target":["https:\/\/yoga-eva-ruchpaul.com\/en\/eva-ruchpauls-handbook\/"]}]},{"@type":"BreadcrumbList","@id":"https:\/\/yoga-eva-ruchpaul.com\/en\/eva-ruchpauls-handbook\/#breadcrumb","itemListElement":[{"@type":"ListItem","position":1,"name":"Accueil","item":"https:\/\/yoga-eva-ruchpaul.com\/en\/"},{"@type":"ListItem","position":2,"name":"Eva Ruchpaul&rsquo;s HandBook"}]},{"@type":"WebSite","@id":"https:\/\/yoga-eva-ruchpaul.com\/#website","url":"https:\/\/yoga-eva-ruchpaul.com\/","name":"Eva Ruchpaul Institute - Hatha Yoga","description":"Practicing, training, and learning yoga in Paris","publisher":{"@id":"https:\/\/yoga-eva-ruchpaul.com\/#organization"},"potentialAction":[{"@type":"SearchAction","target":{"@type":"EntryPoint","urlTemplate":"https:\/\/yoga-eva-ruchpaul.com\/?s={search_term_string}"},"query-input":{"@type":"PropertyValueSpecification","valueRequired":true,"valueName":"search_term_string"}}],"inLanguage":"en-US"},{"@type":"Organization","@id":"https:\/\/yoga-eva-ruchpaul.com\/#organization","name":"Institut Eva Ruchpaul","url":"https:\/\/yoga-eva-ruchpaul.com\/","logo":{"@type":"ImageObject","inLanguage":"en-US","@id":"https:\/\/yoga-eva-ruchpaul.com\/#\/schema\/logo\/image\/","url":"https:\/\/yoga-eva-ruchpaul.com\/wp-content\/uploads\/2016\/07\/logofull_IER.png","contentUrl":"https:\/\/yoga-eva-ruchpaul.com\/wp-content\/uploads\/2016\/07\/logofull_IER.png","width":670,"height":158,"caption":"Institut Eva Ruchpaul"},"image":{"@id":"https:\/\/yoga-eva-ruchpaul.com\/#\/schema\/logo\/image\/"},"sameAs":["https:\/\/www.facebook.com\/EvaRuchpaul","https:\/\/x.com\/InstEvaRuchpaul"]}]}},"_links":{"self":[{"href":"https:\/\/yoga-eva-ruchpaul.com\/en\/wp-json\/wp\/v2\/pages\/973","targetHints":{"allow":["GET"]}}],"collection":[{"href":"https:\/\/yoga-eva-ruchpaul.com\/en\/wp-json\/wp\/v2\/pages"}],"about":[{"href":"https:\/\/yoga-eva-ruchpaul.com\/en\/wp-json\/wp\/v2\/types\/page"}],"author":[{"embeddable":true,"href":"https:\/\/yoga-eva-ruchpaul.com\/en\/wp-json\/wp\/v2\/users\/1"}],"replies":[{"embeddable":true,"href":"https:\/\/yoga-eva-ruchpaul.com\/en\/wp-json\/wp\/v2\/comments?post=973"}],"version-history":[{"count":1,"href":"https:\/\/yoga-eva-ruchpaul.com\/en\/wp-json\/wp\/v2\/pages\/973\/revisions"}],"predecessor-version":[{"id":3702,"href":"https:\/\/yoga-eva-ruchpaul.com\/en\/wp-json\/wp\/v2\/pages\/973\/revisions\/3702"}],"wp:attachment":[{"href":"https:\/\/yoga-eva-ruchpaul.com\/en\/wp-json\/wp\/v2\/media?parent=973"}],"curies":[{"name":"wp","href":"https:\/\/api.w.org\/{rel}","templated":true}]}}