{"id":977,"date":"2016-10-12T15:53:51","date_gmt":"2016-10-12T13:53:51","guid":{"rendered":"https:\/\/yoga-eva-ruchpaul.com\/contact\/"},"modified":"2020-02-04T16:17:01","modified_gmt":"2020-02-04T15:17:01","slug":"contact","status":"publish","type":"page","link":"https:\/\/yoga-eva-ruchpaul.com\/en\/contact\/","title":{"rendered":"Contact"},"content":{"rendered":"<p>[et_pb_section fb_built=&#8221;1&#8243; custom_padding_last_edited=&#8221;on|desktop&#8221; _builder_version=&#8221;3.22&#8243; background_color=&#8221;#ffffff&#8221; custom_padding_tablet=&#8221;50px|0|50px|0&#8243; custom_padding_phone=&#8221;&#8221; transparent_background=&#8221;off&#8221; padding_mobile=&#8221;off&#8221; make_fullwidth=&#8221;off&#8221; use_custom_width=&#8221;off&#8221; width_unit=&#8221;on&#8221;][et_pb_row _builder_version=&#8221;3.25&#8243; background_size=&#8221;initial&#8221; background_position=&#8221;top_left&#8221; background_repeat=&#8221;repeat&#8221;][et_pb_column type=&#8221;4_4&#8243; _builder_version=&#8221;3.25&#8243; custom_padding=&#8221;|||&#8221; custom_padding__hover=&#8221;|||&#8221;][et_pb_text admin_label=&#8221;Titre Contact&#8221; _builder_version=&#8221;3.27.4&#8243; text_text_color=&#8221;#480614&#8243; text_font_size=&#8221;30&#8243; header_text_color=&#8221;#480614&#8243; background_size=&#8221;initial&#8221; background_position=&#8221;top_left&#8221; background_repeat=&#8221;repeat&#8221; text_orientation=&#8221;center&#8221; module_alignment=&#8221;center&#8221; use_border_color=&#8221;off&#8221; border_color=&#8221;#ffffff&#8221; border_style=&#8221;solid&#8221;]<\/p>\n<h1>Contact us<\/h1>\n<p>[\/et_pb_text][\/et_pb_column][\/et_pb_row][et_pb_row _builder_version=&#8221;3.25&#8243; background_size=&#8221;initial&#8221; background_position=&#8221;top_left&#8221; background_repeat=&#8221;repeat&#8221; column_structure=&#8221;1_2,1_2&#8243;][et_pb_column type=&#8221;1_2&#8243; _builder_version=&#8221;3.25&#8243; custom_padding=&#8221;|||&#8221; custom_padding__hover=&#8221;|||&#8221;][et_pb_contact_form email=&#8221;eva.ruchpaul@wanadoo.fr&#8221; success_message=&#8221;Votre message a bien \u00e9t\u00e9 envoy\u00e9, merci&#8230;&#8221; _builder_version=&#8221;4.2.2&#8243; custom_button=&#8221;on&#8221; button_text_size=&#8221;16&#8243; button_text_color=&#8221;#710f25&#8243; button_icon=&#8221;%%20%%&#8221; hover_enabled=&#8221;0&#8243; border_radii=&#8221;on|0px|0px|0px|0px&#8221; use_border_color=&#8221;off&#8221; border_color=&#8221;#ffffff&#8221; border_style=&#8221;solid&#8221; input_border_radius=&#8221;0&#8243; button_letter_spacing_hover=&#8221;0&#8243; use_spam_service=&#8221;on&#8221; recaptcha_list=&#8221;IER|IER-0&#8243;][et_pb_contact_field field_id=&#8221;Name&#8221; field_title=&#8221;Name&#8221; _builder_version=&#8221;3.16&#8243; form_field_font=&#8221;||||&#8221; use_border_color=&#8221;off&#8221; border_style=&#8221;solid&#8221; button_text_size__hover_enabled=&#8221;off&#8221; button_one_text_size__hover_enabled=&#8221;off&#8221; button_two_text_size__hover_enabled=&#8221;off&#8221; button_text_color__hover_enabled=&#8221;off&#8221; button_one_text_color__hover_enabled=&#8221;off&#8221; button_two_text_color__hover_enabled=&#8221;off&#8221; button_border_width__hover_enabled=&#8221;off&#8221; button_one_border_width__hover_enabled=&#8221;off&#8221; button_two_border_width__hover_enabled=&#8221;off&#8221; button_border_color__hover_enabled=&#8221;off&#8221; button_one_border_color__hover_enabled=&#8221;off&#8221; button_two_border_color__hover_enabled=&#8221;off&#8221; button_border_radius__hover_enabled=&#8221;off&#8221; button_one_border_radius__hover_enabled=&#8221;off&#8221; button_two_border_radius__hover_enabled=&#8221;off&#8221; button_letter_spacing__hover_enabled=&#8221;off&#8221; button_one_letter_spacing__hover_enabled=&#8221;off&#8221; button_two_letter_spacing__hover_enabled=&#8221;off&#8221; button_bg_color__hover_enabled=&#8221;off&#8221; button_one_bg_color__hover_enabled=&#8221;off&#8221; button_two_bg_color__hover_enabled=&#8221;off&#8221;][\/et_pb_contact_field][et_pb_contact_field field_id=&#8221;Email&#8221; field_title=&#8221;E-mail address&#8221; field_type=&#8221;email&#8221; _builder_version=&#8221;3.16&#8243; form_field_font=&#8221;||||&#8221; use_border_color=&#8221;off&#8221; border_style=&#8221;solid&#8221; button_text_size__hover_enabled=&#8221;off&#8221; button_one_text_size__hover_enabled=&#8221;off&#8221; button_two_text_size__hover_enabled=&#8221;off&#8221; button_text_color__hover_enabled=&#8221;off&#8221; button_one_text_color__hover_enabled=&#8221;off&#8221; button_two_text_color__hover_enabled=&#8221;off&#8221; button_border_width__hover_enabled=&#8221;off&#8221; button_one_border_width__hover_enabled=&#8221;off&#8221; button_two_border_width__hover_enabled=&#8221;off&#8221; button_border_color__hover_enabled=&#8221;off&#8221; button_one_border_color__hover_enabled=&#8221;off&#8221; button_two_border_color__hover_enabled=&#8221;off&#8221; button_border_radius__hover_enabled=&#8221;off&#8221; button_one_border_radius__hover_enabled=&#8221;off&#8221; button_two_border_radius__hover_enabled=&#8221;off&#8221; button_letter_spacing__hover_enabled=&#8221;off&#8221; button_one_letter_spacing__hover_enabled=&#8221;off&#8221; button_two_letter_spacing__hover_enabled=&#8221;off&#8221; button_bg_color__hover_enabled=&#8221;off&#8221; button_one_bg_color__hover_enabled=&#8221;off&#8221; button_two_bg_color__hover_enabled=&#8221;off&#8221;][\/et_pb_contact_field][et_pb_contact_field field_id=&#8221;Message&#8221; field_title=&#8221;Message&#8221; field_type=&#8221;text&#8221; fullwidth_field=&#8221;on&#8221; _builder_version=&#8221;3.16&#8243; form_field_font=&#8221;||||&#8221; use_border_color=&#8221;off&#8221; border_style=&#8221;solid&#8221; button_text_size__hover_enabled=&#8221;off&#8221; button_one_text_size__hover_enabled=&#8221;off&#8221; button_two_text_size__hover_enabled=&#8221;off&#8221; button_text_color__hover_enabled=&#8221;off&#8221; button_one_text_color__hover_enabled=&#8221;off&#8221; button_two_text_color__hover_enabled=&#8221;off&#8221; button_border_width__hover_enabled=&#8221;off&#8221; button_one_border_width__hover_enabled=&#8221;off&#8221; button_two_border_width__hover_enabled=&#8221;off&#8221; button_border_color__hover_enabled=&#8221;off&#8221; button_one_border_color__hover_enabled=&#8221;off&#8221; button_two_border_color__hover_enabled=&#8221;off&#8221; button_border_radius__hover_enabled=&#8221;off&#8221; button_one_border_radius__hover_enabled=&#8221;off&#8221; button_two_border_radius__hover_enabled=&#8221;off&#8221; button_letter_spacing__hover_enabled=&#8221;off&#8221; button_one_letter_spacing__hover_enabled=&#8221;off&#8221; button_two_letter_spacing__hover_enabled=&#8221;off&#8221; button_bg_color__hover_enabled=&#8221;off&#8221; button_one_bg_color__hover_enabled=&#8221;off&#8221; button_two_bg_color__hover_enabled=&#8221;off&#8221;][\/et_pb_contact_field][\/et_pb_contact_form][et_pb_text _builder_version=&#8221;3.27.4&#8243; text_font_size=&#8221;16&#8243; background_size=&#8221;initial&#8221; background_position=&#8221;top_left&#8221; background_repeat=&#8221;repeat&#8221; use_border_color=&#8221;off&#8221; border_color=&#8221;#ffffff&#8221; border_style=&#8221;solid&#8221;]<strong>Institut Eva Ruchpaul<br \/>\n<\/strong>69, rue de Rome &#8211; 75008 Paris<br \/>\nT\u00e9l. 01 44 90 06 70<br \/>\n[\/et_pb_text][\/et_pb_column][et_pb_column type=&#8221;1_2&#8243; _builder_version=&#8221;3.25&#8243; custom_padding=&#8221;|||&#8221; custom_padding__hover=&#8221;|||&#8221;][et_pb_map address=&#8221;69 Rue de Rome, 75008 Paris, France&#8221; zoom_level=&#8221;15&#8243; address_lat=&#8221;48.880554788772585&#8243; address_lng=&#8221;2.321366595770318&#8243; mouse_wheel=&#8221;off&#8221; _builder_version=&#8221;3.0.91&#8243;][et_pb_map_pin title=&#8221;Institut Eva Ruchpaul&#8221; pin_address=&#8221;69 Rue de Rome, 75008 Paris, France&#8221; pin_address_lat=&#8221;48.8805689&#8243; pin_address_lng=&#8221;2.3209589000000506&#8243; _builder_version=&#8221;3.0.47&#8243;]69, rue de Rome<br \/>\n75008 Paris<br \/>\nT\u00e9l. 01 44 90 06 70[\/et_pb_map_pin][\/et_pb_map][\/et_pb_column][\/et_pb_row][et_pb_row _builder_version=&#8221;3.25&#8243; custom_margin=&#8221;0px|||&#8221; custom_padding=&#8221;0px|||&#8221;][et_pb_column type=&#8221;4_4&#8243; _builder_version=&#8221;3.25&#8243; custom_padding=&#8221;|||&#8221; custom_padding__hover=&#8221;|||&#8221;][et_pb_text _builder_version=&#8221;3.27.4&#8243; text_font_size=&#8221;11px&#8221; text_orientation=&#8221;justified&#8221;]The Eva Ruchpaul Institut only collects your personal data to answer your enquiries. To this end, your personal data may be shared internally. Your personal data will otherwise neither be processed, nor subject to automated decision-making, nor transferred outside of the association, for any other purpose, without your prior written consent. In accordance with the French Data Protection Act (Loi informatique et libert\u00e9s), you have the right to access your personal data collected by The Eva Ruchpaul Institut, and the right to have these data rectified in case of inaccuracy, or completed, as soon as possible.<br \/>\n[\/et_pb_text][\/et_pb_column][\/et_pb_row][\/et_pb_section]<\/p>\n","protected":false},"excerpt":{"rendered":"<p>Contact us Institut Eva Ruchpaul 69, rue de Rome &#8211; 75008 Paris T\u00e9l. 01 44 90 06 70 69, rue de Rome 75008 Paris T\u00e9l. 01 44 90 06 70The Eva Ruchpaul Institut only collects your personal data to answer your enquiries. To this end, your personal data may be shared internally. Your personal data [&hellip;]<\/p>\n","protected":false},"author":1,"featured_media":0,"parent":0,"menu_order":0,"comment_status":"closed","ping_status":"closed","template":"","meta":{"_et_pb_use_builder":"on","_et_pb_old_content":"","_et_gb_content_width":"","_exactmetrics_skip_tracking":false,"_exactmetrics_sitenote_active":false,"_exactmetrics_sitenote_note":"","_exactmetrics_sitenote_category":0,"footnotes":""},"class_list":["post-977","page","type-page","status-publish","hentry"],"yoast_head":"<!-- This site is optimized with the Yoast SEO plugin v27.1.1 - https:\/\/yoast.com\/product\/yoast-seo-wordpress\/ -->\n<title>Contact - Eva Ruchpaul Institute - Hatha Yoga<\/title>\n<meta name=\"robots\" content=\"index, follow, max-snippet:-1, max-image-preview:large, max-video-preview:-1\" \/>\n<link rel=\"canonical\" href=\"https:\/\/yoga-eva-ruchpaul.com\/en\/contact\/\" \/>\n<meta property=\"og:locale\" content=\"en_US\" \/>\n<meta property=\"og:type\" content=\"article\" \/>\n<meta property=\"og:title\" content=\"Contact - Eva Ruchpaul Institute - Hatha Yoga\" \/>\n<meta property=\"og:description\" content=\"Contact us Institut Eva Ruchpaul 69, rue de Rome - 75008 Paris T\u00e9l. 01 44 90 06 70 69, rue de Rome 75008 Paris T\u00e9l. 01 44 90 06 70The Eva Ruchpaul Institut only collects your personal data to answer your enquiries. To this end, your personal data may be shared internally. Your personal data [&hellip;]\" \/>\n<meta property=\"og:url\" content=\"https:\/\/yoga-eva-ruchpaul.com\/en\/contact\/\" \/>\n<meta property=\"og:site_name\" content=\"Eva Ruchpaul Institute - Hatha Yoga\" \/>\n<meta property=\"article:publisher\" content=\"https:\/\/www.facebook.com\/EvaRuchpaul\" \/>\n<meta property=\"article:modified_time\" content=\"2020-02-04T15:17:01+00:00\" \/>\n<meta name=\"twitter:card\" content=\"summary_large_image\" \/>\n<meta name=\"twitter:site\" content=\"@InstEvaRuchpaul\" \/>\n<meta name=\"twitter:label1\" content=\"Est. reading time\" \/>\n\t<meta name=\"twitter:data1\" content=\"5 minutes\" \/>\n<script type=\"application\/ld+json\" class=\"yoast-schema-graph\">{\"@context\":\"https:\/\/schema.org\",\"@graph\":[{\"@type\":\"WebPage\",\"@id\":\"https:\/\/yoga-eva-ruchpaul.com\/en\/contact\/\",\"url\":\"https:\/\/yoga-eva-ruchpaul.com\/en\/contact\/\",\"name\":\"Contact - Eva Ruchpaul Institute - Hatha Yoga\",\"isPartOf\":{\"@id\":\"https:\/\/yoga-eva-ruchpaul.com\/#website\"},\"datePublished\":\"2016-10-12T13:53:51+00:00\",\"dateModified\":\"2020-02-04T15:17:01+00:00\",\"breadcrumb\":{\"@id\":\"https:\/\/yoga-eva-ruchpaul.com\/en\/contact\/#breadcrumb\"},\"inLanguage\":\"en-US\",\"potentialAction\":[{\"@type\":\"ReadAction\",\"target\":[\"https:\/\/yoga-eva-ruchpaul.com\/en\/contact\/\"]}]},{\"@type\":\"BreadcrumbList\",\"@id\":\"https:\/\/yoga-eva-ruchpaul.com\/en\/contact\/#breadcrumb\",\"itemListElement\":[{\"@type\":\"ListItem\",\"position\":1,\"name\":\"Accueil\",\"item\":\"https:\/\/yoga-eva-ruchpaul.com\/en\/\"},{\"@type\":\"ListItem\",\"position\":2,\"name\":\"Contact\"}]},{\"@type\":\"WebSite\",\"@id\":\"https:\/\/yoga-eva-ruchpaul.com\/#website\",\"url\":\"https:\/\/yoga-eva-ruchpaul.com\/\",\"name\":\"Eva Ruchpaul Institute - Hatha Yoga\",\"description\":\"Practicing, training, and learning yoga in Paris\",\"publisher\":{\"@id\":\"https:\/\/yoga-eva-ruchpaul.com\/#organization\"},\"potentialAction\":[{\"@type\":\"SearchAction\",\"target\":{\"@type\":\"EntryPoint\",\"urlTemplate\":\"https:\/\/yoga-eva-ruchpaul.com\/?s={search_term_string}\"},\"query-input\":{\"@type\":\"PropertyValueSpecification\",\"valueRequired\":true,\"valueName\":\"search_term_string\"}}],\"inLanguage\":\"en-US\"},{\"@type\":\"Organization\",\"@id\":\"https:\/\/yoga-eva-ruchpaul.com\/#organization\",\"name\":\"Institut Eva Ruchpaul\",\"url\":\"https:\/\/yoga-eva-ruchpaul.com\/\",\"logo\":{\"@type\":\"ImageObject\",\"inLanguage\":\"en-US\",\"@id\":\"https:\/\/yoga-eva-ruchpaul.com\/#\/schema\/logo\/image\/\",\"url\":\"https:\/\/yoga-eva-ruchpaul.com\/wp-content\/uploads\/2016\/07\/logofull_IER.png\",\"contentUrl\":\"https:\/\/yoga-eva-ruchpaul.com\/wp-content\/uploads\/2016\/07\/logofull_IER.png\",\"width\":670,\"height\":158,\"caption\":\"Institut Eva Ruchpaul\"},\"image\":{\"@id\":\"https:\/\/yoga-eva-ruchpaul.com\/#\/schema\/logo\/image\/\"},\"sameAs\":[\"https:\/\/www.facebook.com\/EvaRuchpaul\",\"https:\/\/x.com\/InstEvaRuchpaul\"]}]}<\/script>\n<!-- \/ Yoast SEO plugin. -->","yoast_head_json":{"title":"Contact - Eva Ruchpaul Institute - Hatha Yoga","robots":{"index":"index","follow":"follow","max-snippet":"max-snippet:-1","max-image-preview":"max-image-preview:large","max-video-preview":"max-video-preview:-1"},"canonical":"https:\/\/yoga-eva-ruchpaul.com\/en\/contact\/","og_locale":"en_US","og_type":"article","og_title":"Contact - Eva Ruchpaul Institute - Hatha Yoga","og_description":"Contact us Institut Eva Ruchpaul 69, rue de Rome - 75008 Paris T\u00e9l. 01 44 90 06 70 69, rue de Rome 75008 Paris T\u00e9l. 01 44 90 06 70The Eva Ruchpaul Institut only collects your personal data to answer your enquiries. To this end, your personal data may be shared internally. Your personal data [&hellip;]","og_url":"https:\/\/yoga-eva-ruchpaul.com\/en\/contact\/","og_site_name":"Eva Ruchpaul Institute - Hatha Yoga","article_publisher":"https:\/\/www.facebook.com\/EvaRuchpaul","article_modified_time":"2020-02-04T15:17:01+00:00","twitter_card":"summary_large_image","twitter_site":"@InstEvaRuchpaul","twitter_misc":{"Est. reading time":"5 minutes"},"schema":{"@context":"https:\/\/schema.org","@graph":[{"@type":"WebPage","@id":"https:\/\/yoga-eva-ruchpaul.com\/en\/contact\/","url":"https:\/\/yoga-eva-ruchpaul.com\/en\/contact\/","name":"Contact - Eva Ruchpaul Institute - Hatha Yoga","isPartOf":{"@id":"https:\/\/yoga-eva-ruchpaul.com\/#website"},"datePublished":"2016-10-12T13:53:51+00:00","dateModified":"2020-02-04T15:17:01+00:00","breadcrumb":{"@id":"https:\/\/yoga-eva-ruchpaul.com\/en\/contact\/#breadcrumb"},"inLanguage":"en-US","potentialAction":[{"@type":"ReadAction","target":["https:\/\/yoga-eva-ruchpaul.com\/en\/contact\/"]}]},{"@type":"BreadcrumbList","@id":"https:\/\/yoga-eva-ruchpaul.com\/en\/contact\/#breadcrumb","itemListElement":[{"@type":"ListItem","position":1,"name":"Accueil","item":"https:\/\/yoga-eva-ruchpaul.com\/en\/"},{"@type":"ListItem","position":2,"name":"Contact"}]},{"@type":"WebSite","@id":"https:\/\/yoga-eva-ruchpaul.com\/#website","url":"https:\/\/yoga-eva-ruchpaul.com\/","name":"Eva Ruchpaul Institute - Hatha Yoga","description":"Practicing, training, and learning yoga in Paris","publisher":{"@id":"https:\/\/yoga-eva-ruchpaul.com\/#organization"},"potentialAction":[{"@type":"SearchAction","target":{"@type":"EntryPoint","urlTemplate":"https:\/\/yoga-eva-ruchpaul.com\/?s={search_term_string}"},"query-input":{"@type":"PropertyValueSpecification","valueRequired":true,"valueName":"search_term_string"}}],"inLanguage":"en-US"},{"@type":"Organization","@id":"https:\/\/yoga-eva-ruchpaul.com\/#organization","name":"Institut Eva Ruchpaul","url":"https:\/\/yoga-eva-ruchpaul.com\/","logo":{"@type":"ImageObject","inLanguage":"en-US","@id":"https:\/\/yoga-eva-ruchpaul.com\/#\/schema\/logo\/image\/","url":"https:\/\/yoga-eva-ruchpaul.com\/wp-content\/uploads\/2016\/07\/logofull_IER.png","contentUrl":"https:\/\/yoga-eva-ruchpaul.com\/wp-content\/uploads\/2016\/07\/logofull_IER.png","width":670,"height":158,"caption":"Institut Eva Ruchpaul"},"image":{"@id":"https:\/\/yoga-eva-ruchpaul.com\/#\/schema\/logo\/image\/"},"sameAs":["https:\/\/www.facebook.com\/EvaRuchpaul","https:\/\/x.com\/InstEvaRuchpaul"]}]}},"_links":{"self":[{"href":"https:\/\/yoga-eva-ruchpaul.com\/en\/wp-json\/wp\/v2\/pages\/977","targetHints":{"allow":["GET"]}}],"collection":[{"href":"https:\/\/yoga-eva-ruchpaul.com\/en\/wp-json\/wp\/v2\/pages"}],"about":[{"href":"https:\/\/yoga-eva-ruchpaul.com\/en\/wp-json\/wp\/v2\/types\/page"}],"author":[{"embeddable":true,"href":"https:\/\/yoga-eva-ruchpaul.com\/en\/wp-json\/wp\/v2\/users\/1"}],"replies":[{"embeddable":true,"href":"https:\/\/yoga-eva-ruchpaul.com\/en\/wp-json\/wp\/v2\/comments?post=977"}],"version-history":[{"count":3,"href":"https:\/\/yoga-eva-ruchpaul.com\/en\/wp-json\/wp\/v2\/pages\/977\/revisions"}],"predecessor-version":[{"id":3101,"href":"https:\/\/yoga-eva-ruchpaul.com\/en\/wp-json\/wp\/v2\/pages\/977\/revisions\/3101"}],"wp:attachment":[{"href":"https:\/\/yoga-eva-ruchpaul.com\/en\/wp-json\/wp\/v2\/media?parent=977"}],"curies":[{"name":"wp","href":"https:\/\/api.w.org\/{rel}","templated":true}]}}